{"id":1221,"date":"2017-03-09T09:54:55","date_gmt":"2017-03-09T08:54:55","guid":{"rendered":"http:\/\/mikolajmalecki.com\/?page_id=1221"},"modified":"2017-03-09T12:21:14","modified_gmt":"2017-03-09T11:21:14","slug":"fotografia-architektury-i-wnetrz","status":"publish","type":"page","link":"http:\/\/mikolajmalecki.com\/en_GB\/fotografia-architektury-i-wnetrz\/","title":{"rendered":"Fotografia architektury i wn\u0119trz"},"content":{"rendered":"<div align=\"justify\">Obiekty takie, jak centra handlowe, hale produkcyjne czy magazynowe, biurowe wn\u0119trza, sale konferencyjne, restauracje, hotele, a tak\u017ce obiekty firmowe fotografuj\u0119 z dba\u0142o\u015bci\u0105 o ka\u017cdy szczeg\u00f3\u0142, by najwierniej odda\u0107 charakter uwiecznianego na zdj\u0119ciach miejsca. Korzystam z ultra szerokok\u0105tnych obiektyw\u00f3w przeznaczonych do fotografii wn\u0119trz i obiekt\u00f3w. Dysponuj\u0119 r\u00f3wnie\u017c dronem Phantone 3 Proffesional 4K do wykonywania zdj\u0119\u0107 z du\u017cych wysoko\u015bci.<\/div>\n","protected":false},"excerpt":{"rendered":"<p>Obiekty takie, jak centra handlowe, hale produkcyjne czy magazynowe, biurowe wn\u0119trza, sale konferencyjne, restauracje, hotele, a tak\u017ce obiekty firmowe fotografuj\u0119 z dba\u0142o\u015bci\u0105 o ka\u017cdy szczeg\u00f3\u0142, by najwierniej odda\u0107 charakter uwiecznianego na zdj\u0119ciach miejsca. Korzystam z ultra szerokok\u0105tnych obiektyw\u00f3w przeznaczonych do fotografii wn\u0119trz i obiekt\u00f3w. Dysponuj\u0119 r\u00f3wnie\u017c dronem Phantone 3 Proffesional 4K do wykonywania zdj\u0119\u0107 z&#8230;<\/p>\n","protected":false},"author":1,"featured_media":0,"parent":0,"menu_order":0,"comment_status":"closed","ping_status":"closed","template":"template-full-width.php","meta":[],"_links":{"self":[{"href":"http:\/\/mikolajmalecki.com\/en_GB\/wp-json\/wp\/v2\/pages\/1221"}],"collection":[{"href":"http:\/\/mikolajmalecki.com\/en_GB\/wp-json\/wp\/v2\/pages"}],"about":[{"href":"http:\/\/mikolajmalecki.com\/en_GB\/wp-json\/wp\/v2\/types\/page"}],"author":[{"embeddable":true,"href":"http:\/\/mikolajmalecki.com\/en_GB\/wp-json\/wp\/v2\/users\/1"}],"replies":[{"embeddable":true,"href":"http:\/\/mikolajmalecki.com\/en_GB\/wp-json\/wp\/v2\/comments?post=1221"}],"version-history":[{"count":3,"href":"http:\/\/mikolajmalecki.com\/en_GB\/wp-json\/wp\/v2\/pages\/1221\/revisions"}],"predecessor-version":[{"id":1288,"href":"http:\/\/mikolajmalecki.com\/en_GB\/wp-json\/wp\/v2\/pages\/1221\/revisions\/1288"}],"wp:attachment":[{"href":"http:\/\/mikolajmalecki.com\/en_GB\/wp-json\/wp\/v2\/media?parent=1221"}],"curies":[{"name":"wp","href":"https:\/\/api.w.org\/{rel}","templated":true}]}}